{"id":244,"date":"2024-03-08T09:55:52","date_gmt":"2024-03-08T09:55:52","guid":{"rendered":"https:\/\/floridahometrust.com\/?page_id=244"},"modified":"2024-05-07T12:15:19","modified_gmt":"2024-05-07T12:15:19","slug":"about-us-2","status":"publish","type":"page","link":"https:\/\/floridahometrust.com\/es\/about-us-2\/","title":{"rendered":"Nosotros"},"content":{"rendered":"<div class=\"fusion-fullwidth fullwidth-box fusion-builder-row-1 fusion-flex-container has-pattern-background has-mask-background nonhundred-percent-fullwidth non-hundred-percent-height-scrolling\" style=\"--awb-border-radius-top-left:0px;--awb-border-radius-top-right:0px;--awb-border-radius-bottom-right:0px;--awb-border-radius-bottom-left:0px;--awb-padding-top:60px;--awb-padding-right:49px;--awb-padding-bottom:60px;--awb-padding-left:35px;--awb-padding-right-medium:55px;--awb-padding-left-medium:54px;--awb-padding-right-small:30px;--awb-flex-wrap:wrap;\" ><div class=\"fusion-builder-row fusion-row fusion-flex-align-items-flex-start fusion-flex-justify-content-center fusion-flex-content-wrap\" style=\"max-width:1352px;margin-left: calc(-4% \/ 2 );margin-right: calc(-4% \/ 2 );\"><div class=\"fusion-layout-column fusion_builder_column fusion-builder-column-0 fusion_builder_column_1_2 1_2 fusion-flex-column\" style=\"--awb-padding-right-small:0px;--awb-bg-size:cover;--awb-width-large:50%;--awb-margin-top-large:0px;--awb-spacing-right-large:3.84%;--awb-margin-bottom-large:20px;--awb-spacing-left-large:3.84%;--awb-width-medium:50%;--awb-order-medium:0;--awb-spacing-right-medium:3.84%;--awb-spacing-left-medium:3.84%;--awb-width-small:100%;--awb-order-small:0;--awb-spacing-right-small:0%;--awb-spacing-left-small:0%;\"><div class=\"fusion-column-wrapper fusion-column-has-shadow fusion-flex-justify-content-flex-start fusion-content-layout-column\"><div class=\"fusion-image-element\" style=\"text-align:center;--awb-max-width:500px;--awb-caption-title-font-family:var(--h2_typography-font-family);--awb-caption-title-font-weight:var(--h2_typography-font-weight);--awb-caption-title-font-style:var(--h2_typography-font-style);--awb-caption-title-size:var(--h2_typography-font-size);--awb-caption-title-transform:var(--h2_typography-text-transform);--awb-caption-title-line-height:var(--h2_typography-line-height);--awb-caption-title-letter-spacing:var(--h2_typography-letter-spacing);\"><span class=\"fusion-imageframe imageframe-none imageframe-1 hover-type-none\"><img decoding=\"async\" width=\"876\" height=\"917\" title=\"About Us (1)\" src=\"https:\/\/floridahometrust.com\/wp-content\/uploads\/2023\/12\/About-Us-1-e1702498163361.jpg\" alt class=\"img-responsive wp-image-171\" srcset=\"https:\/\/floridahometrust.com\/wp-content\/uploads\/2023\/12\/About-Us-1-e1702498163361-200x209.jpg 200w, https:\/\/floridahometrust.com\/wp-content\/uploads\/2023\/12\/About-Us-1-e1702498163361-400x419.jpg 400w, https:\/\/floridahometrust.com\/wp-content\/uploads\/2023\/12\/About-Us-1-e1702498163361-600x628.jpg 600w, https:\/\/floridahometrust.com\/wp-content\/uploads\/2023\/12\/About-Us-1-e1702498163361-800x837.jpg 800w, https:\/\/floridahometrust.com\/wp-content\/uploads\/2023\/12\/About-Us-1-e1702498163361.jpg 876w\" sizes=\"(max-width: 640px) 100vw, 800px\" \/><\/span><\/div><\/div><\/div><div class=\"fusion-layout-column fusion_builder_column fusion-builder-column-1 fusion_builder_column_1_2 1_2 fusion-flex-column\" style=\"--awb-bg-size:cover;--awb-width-large:50%;--awb-margin-top-large:0px;--awb-spacing-right-large:3.84%;--awb-margin-bottom-large:20px;--awb-spacing-left-large:3.84%;--awb-width-medium:50%;--awb-order-medium:0;--awb-spacing-right-medium:3.84%;--awb-spacing-left-medium:3.84%;--awb-width-small:100%;--awb-order-small:0;--awb-spacing-right-small:1.92%;--awb-spacing-left-small:1.92%;\"><div class=\"fusion-column-wrapper fusion-column-has-shadow fusion-flex-justify-content-flex-start fusion-content-layout-column\"><div class=\"fusion-title title fusion-title-1 fusion-sep-none fusion-title-text fusion-title-size-two\"><h2 class=\"fusion-title-heading title-heading-left\" style=\"margin:0;\">Nosotros<\/h2><\/div><div class=\"fusion-text fusion-text-1\"><p><span style=\"font-weight: 400;\">Somos el principal prestamista hipotecario privado de Florida, con una trayectoria probada de m\u00e1s de 20 a\u00f1os,<\/span><b> especializada en ayudar a los extranjeros que desean adquirir propiedades.<\/b><span style=\"font-weight: 400;\"> Creamos soluciones de pr\u00e9stamo a medida para proyectos residenciales y comerciales en toda la zona de Florida.<\/span><\/p>\n<p><span style=\"font-weight: 400;\">En el centro de nuestro enfoque se encuentra el compromiso de <\/span><b>dar prioridad a nuestros clientes<\/b><span style=\"font-weight: 400;\">. Nuestros experimentados asesores de pr\u00e9stamos destacan en la identificaci\u00f3n de los programas \u00f3ptimos adaptados a los requisitos espec\u00edficos de cada persona, garantizando una experiencia de pr\u00e9stamo tan \u00fanica como t\u00fa.<\/span><\/p>\n<p><span style=\"font-weight: 400;\">Impulsados por nuestra dedicaci\u00f3n a la eficacia y la precisi\u00f3n, aprovechamos nuestros amplios recursos crediticios para facilitar una financiaci\u00f3n convencional y comercial sin fisuras tanto a los prestatarios estadounidenses como a la exigente clientela internacional.<\/span><\/p>\n<p><span style=\"font-weight: 400;\">Ten la seguridad de que navegamos por el intrincado panorama de los pr\u00e9stamos con una profesionalidad e integridad inquebrantables, gui\u00e1ndote firmemente hacia tus objetivos financieros con confianza y facilidad.<\/span><\/p>\n<\/div><div class=\"fusion-image-element\" style=\"text-align:right;--awb-margin-top:20px;--awb-max-width:300px;--awb-caption-title-font-family:var(--h2_typography-font-family);--awb-caption-title-font-weight:var(--h2_typography-font-weight);--awb-caption-title-font-style:var(--h2_typography-font-style);--awb-caption-title-size:var(--h2_typography-font-size);--awb-caption-title-transform:var(--h2_typography-text-transform);--awb-caption-title-line-height:var(--h2_typography-line-height);--awb-caption-title-letter-spacing:var(--h2_typography-letter-spacing);\"><span class=\"fusion-imageframe imageframe-none imageframe-2 hover-type-none\"><img decoding=\"async\" width=\"400\" height=\"43\" title=\"a facebank company\" src=\"https:\/\/floridahometrust.com\/wp-content\/uploads\/2024\/04\/a-facebank-company-400x43.png\" alt class=\"img-responsive wp-image-345\" srcset=\"https:\/\/floridahometrust.com\/wp-content\/uploads\/2024\/04\/a-facebank-company-200x22.png 200w, https:\/\/floridahometrust.com\/wp-content\/uploads\/2024\/04\/a-facebank-company-400x43.png 400w, https:\/\/floridahometrust.com\/wp-content\/uploads\/2024\/04\/a-facebank-company-600x65.png 600w, https:\/\/floridahometrust.com\/wp-content\/uploads\/2024\/04\/a-facebank-company-800x87.png 800w, https:\/\/floridahometrust.com\/wp-content\/uploads\/2024\/04\/a-facebank-company.png 1180w\" sizes=\"(max-width: 640px) 100vw, 800px\" \/><\/span><\/div><\/div><\/div><\/div><\/div>","protected":false},"excerpt":{"rendered":"","protected":false},"author":1,"featured_media":0,"parent":0,"menu_order":0,"comment_status":"closed","ping_status":"closed","template":"100-width.php","meta":{"footnotes":""},"class_list":["post-244","page","type-page","status-publish","hentry"],"yoast_head":"<!-- This site is optimized with the Yoast SEO plugin v25.3.1 - https:\/\/yoast.com\/wordpress\/plugins\/seo\/ -->\n<title>About Us - Mortgagely<\/title>\n<meta name=\"robots\" content=\"index, follow, max-snippet:-1, max-image-preview:large, max-video-preview:-1\" \/>\n<link rel=\"canonical\" href=\"https:\/\/floridahometrust.com\/es\/about-us-2\/\" \/>\n<meta property=\"og:locale\" content=\"es_ES\" \/>\n<meta property=\"og:type\" content=\"article\" \/>\n<meta property=\"og:title\" content=\"About Us - Mortgagely\" \/>\n<meta property=\"og:url\" content=\"https:\/\/floridahometrust.com\/es\/about-us-2\/\" \/>\n<meta property=\"og:site_name\" content=\"Mortgagely\" \/>\n<meta property=\"article:modified_time\" content=\"2024-05-07T12:15:19+00:00\" \/>\n<meta property=\"og:image\" content=\"https:\/\/floridahometrust.com\/wp-content\/uploads\/2024\/05\/Captura-de-pantalla-2024-05-02-102539.png\" \/>\n\t<meta property=\"og:image:width\" content=\"1453\" \/>\n\t<meta property=\"og:image:height\" content=\"704\" \/>\n\t<meta property=\"og:image:type\" content=\"image\/png\" \/>\n<meta name=\"twitter:card\" content=\"summary_large_image\" \/>\n<meta name=\"twitter:label1\" content=\"Tiempo de lectura\" \/>\n\t<meta name=\"twitter:data1\" content=\"6 minutos\" \/>\n<script type=\"application\/ld+json\" class=\"yoast-schema-graph\">{\"@context\":\"https:\/\/schema.org\",\"@graph\":[{\"@type\":\"WebPage\",\"@id\":\"https:\/\/floridahometrust.com\/about-us-2\/\",\"url\":\"https:\/\/floridahometrust.com\/about-us-2\/\",\"name\":\"About Us - Mortgagely\",\"isPartOf\":{\"@id\":\"https:\/\/floridahometrust.com\/#website\"},\"datePublished\":\"2024-03-08T09:55:52+00:00\",\"dateModified\":\"2024-05-07T12:15:19+00:00\",\"breadcrumb\":{\"@id\":\"https:\/\/floridahometrust.com\/about-us-2\/#breadcrumb\"},\"inLanguage\":\"es\",\"potentialAction\":[{\"@type\":\"ReadAction\",\"target\":[\"https:\/\/floridahometrust.com\/about-us-2\/\"]}]},{\"@type\":\"BreadcrumbList\",\"@id\":\"https:\/\/floridahometrust.com\/about-us-2\/#breadcrumb\",\"itemListElement\":[{\"@type\":\"ListItem\",\"position\":1,\"name\":\"Home\",\"item\":\"https:\/\/floridahometrust.com\/\"},{\"@type\":\"ListItem\",\"position\":2,\"name\":\"About Us\"}]},{\"@type\":\"WebSite\",\"@id\":\"https:\/\/floridahometrust.com\/#website\",\"url\":\"https:\/\/floridahometrust.com\/\",\"name\":\"Florida Home Trust\",\"description\":\"Your home loan in Florida\",\"publisher\":{\"@id\":\"https:\/\/floridahometrust.com\/#organization\"},\"potentialAction\":[{\"@type\":\"SearchAction\",\"target\":{\"@type\":\"EntryPoint\",\"urlTemplate\":\"https:\/\/floridahometrust.com\/?s={search_term_string}\"},\"query-input\":{\"@type\":\"PropertyValueSpecification\",\"valueRequired\":true,\"valueName\":\"search_term_string\"}}],\"inLanguage\":\"es\"},{\"@type\":\"Organization\",\"@id\":\"https:\/\/floridahometrust.com\/#organization\",\"name\":\"Florida Home Trust\",\"url\":\"https:\/\/floridahometrust.com\/\",\"logo\":{\"@type\":\"ImageObject\",\"inLanguage\":\"es\",\"@id\":\"https:\/\/floridahometrust.com\/#\/schema\/logo\/image\/\",\"url\":\"https:\/\/floridahometrust.com\/wp-content\/uploads\/2023\/12\/FHT.png\",\"contentUrl\":\"https:\/\/floridahometrust.com\/wp-content\/uploads\/2023\/12\/FHT.png\",\"width\":127,\"height\":56,\"caption\":\"Florida Home Trust\"},\"image\":{\"@id\":\"https:\/\/floridahometrust.com\/#\/schema\/logo\/image\/\"},\"sameAs\":[\"https:\/\/www.instagram.com\/floridahometrust\/\",\"https:\/\/www.linkedin.com\/company\/florida-home-trust-mortgage\/about\/\"]}]}<\/script>\n<!-- \/ Yoast SEO plugin. -->","yoast_head_json":{"title":"About Us - Mortgagely","robots":{"index":"index","follow":"follow","max-snippet":"max-snippet:-1","max-image-preview":"max-image-preview:large","max-video-preview":"max-video-preview:-1"},"canonical":"https:\/\/floridahometrust.com\/es\/about-us-2\/","og_locale":"es_ES","og_type":"article","og_title":"About Us - Mortgagely","og_url":"https:\/\/floridahometrust.com\/es\/about-us-2\/","og_site_name":"Mortgagely","article_modified_time":"2024-05-07T12:15:19+00:00","og_image":[{"width":1453,"height":704,"url":"https:\/\/floridahometrust.com\/wp-content\/uploads\/2024\/05\/Captura-de-pantalla-2024-05-02-102539.png","type":"image\/png"}],"twitter_card":"summary_large_image","twitter_misc":{"Tiempo de lectura":"6 minutos"},"schema":{"@context":"https:\/\/schema.org","@graph":[{"@type":"WebPage","@id":"https:\/\/floridahometrust.com\/about-us-2\/","url":"https:\/\/floridahometrust.com\/about-us-2\/","name":"About Us - Mortgagely","isPartOf":{"@id":"https:\/\/floridahometrust.com\/#website"},"datePublished":"2024-03-08T09:55:52+00:00","dateModified":"2024-05-07T12:15:19+00:00","breadcrumb":{"@id":"https:\/\/floridahometrust.com\/about-us-2\/#breadcrumb"},"inLanguage":"es","potentialAction":[{"@type":"ReadAction","target":["https:\/\/floridahometrust.com\/about-us-2\/"]}]},{"@type":"BreadcrumbList","@id":"https:\/\/floridahometrust.com\/about-us-2\/#breadcrumb","itemListElement":[{"@type":"ListItem","position":1,"name":"Home","item":"https:\/\/floridahometrust.com\/"},{"@type":"ListItem","position":2,"name":"About Us"}]},{"@type":"WebSite","@id":"https:\/\/floridahometrust.com\/#website","url":"https:\/\/floridahometrust.com\/","name":"Florida Home Trust","description":"Your home loan in Florida","publisher":{"@id":"https:\/\/floridahometrust.com\/#organization"},"potentialAction":[{"@type":"SearchAction","target":{"@type":"EntryPoint","urlTemplate":"https:\/\/floridahometrust.com\/?s={search_term_string}"},"query-input":{"@type":"PropertyValueSpecification","valueRequired":true,"valueName":"search_term_string"}}],"inLanguage":"es"},{"@type":"Organization","@id":"https:\/\/floridahometrust.com\/#organization","name":"Florida Home Trust","url":"https:\/\/floridahometrust.com\/","logo":{"@type":"ImageObject","inLanguage":"es","@id":"https:\/\/floridahometrust.com\/#\/schema\/logo\/image\/","url":"https:\/\/floridahometrust.com\/wp-content\/uploads\/2023\/12\/FHT.png","contentUrl":"https:\/\/floridahometrust.com\/wp-content\/uploads\/2023\/12\/FHT.png","width":127,"height":56,"caption":"Florida Home Trust"},"image":{"@id":"https:\/\/floridahometrust.com\/#\/schema\/logo\/image\/"},"sameAs":["https:\/\/www.instagram.com\/floridahometrust\/","https:\/\/www.linkedin.com\/company\/florida-home-trust-mortgage\/about\/"]}]}},"_links":{"self":[{"href":"https:\/\/floridahometrust.com\/es\/wp-json\/wp\/v2\/pages\/244","targetHints":{"allow":["GET"]}}],"collection":[{"href":"https:\/\/floridahometrust.com\/es\/wp-json\/wp\/v2\/pages"}],"about":[{"href":"https:\/\/floridahometrust.com\/es\/wp-json\/wp\/v2\/types\/page"}],"author":[{"embeddable":true,"href":"https:\/\/floridahometrust.com\/es\/wp-json\/wp\/v2\/users\/1"}],"replies":[{"embeddable":true,"href":"https:\/\/floridahometrust.com\/es\/wp-json\/wp\/v2\/comments?post=244"}],"version-history":[{"count":5,"href":"https:\/\/floridahometrust.com\/es\/wp-json\/wp\/v2\/pages\/244\/revisions"}],"predecessor-version":[{"id":421,"href":"https:\/\/floridahometrust.com\/es\/wp-json\/wp\/v2\/pages\/244\/revisions\/421"}],"wp:attachment":[{"href":"https:\/\/floridahometrust.com\/es\/wp-json\/wp\/v2\/media?parent=244"}],"curies":[{"name":"wp","href":"https:\/\/api.w.org\/{rel}","templated":true}]}}